{"id":29287,"date":"2020-05-02T10:06:30","date_gmt":"2020-05-02T08:06:30","guid":{"rendered":"https:\/\/www.infracenter.fr\/?page_id=29287"},"modified":"2020-05-02T10:06:30","modified_gmt":"2020-05-02T08:06:30","slug":"commercialsedentaireresponsabledecomptes","status":"publish","type":"page","link":"https:\/\/www.infracenter.fr\/index.php\/commercialsedentaireresponsabledecomptes\/","title":{"rendered":"Commercial S\u00e9dentaire \/ Responsable de comptes"},"content":{"rendered":"<p>[vc_row css=\u00a0\u00bb.vc_custom_1509351079558{padding-top: 80px !important;padding-bottom: 100px !important;}\u00a0\u00bb el_id=\u00a0\u00bbabout\u00a0\u00bb][vc_column]<div id=\"ultimate-heading-801869df868791ed7\" class=\"uvc-heading ult-adjust-bottom-margin ultimate-heading-801869df868791ed7 uvc-4600 \" data-hspacer=\"line_with_icon\" data-hline_width=\"120\" data-hicon_type=\"selector\" data-hborder_style=\"solid\" data-hborder_height=\"3\" data-hborder_color=\"#f3615a\" data-icon_width=\"18\" data-hfixer=\"10\"  data-halign=\"center\" style=\"text-align:center\"><div class=\"uvc-main-heading ult-responsive\"  data-ultimate-target='.uvc-heading.ultimate-heading-801869df868791ed7 h1'  data-responsive-json-new='{\"font-size\":\"desktop:42px;mobile_landscape:34px;\",\"line-height\":\"desktop:52px;mobile_landscape:44px;\"}' ><h1 style=\"font-weight:bold;\">Commercial S\u00e9dentaire \/ Responsable de comptes<\/h1><\/div><div class=\"uvc-heading-spacer line_with_icon\" style=\"margin-bottom:60px;height:18px;\"><div class=\"ult-just-icon-wrapper  \"><div class=\"align-icon\" style=\"text-align:center;\">\n<div class=\"aio-icon none \"  style=\"color:#f3615a;font-size:18px;display:inline-block;\">\n\t<i class=\"icomoon-font-awesome-14x14-chevron-down\"><\/i>\n<\/div><\/div><\/div><\/div><\/div>[\/vc_column][\/vc_row][vc_row][vc_column][vc_column_text]Missions\u00a0:<\/p>\n<p>Au sein d\u2019une \u00ab Business Unit \u00bb, vous \u00eates l\u2019interlocuteur privil\u00e9gi\u00e9 pour un portefeuille clients dans un p\u00e9rim\u00e8tre de march\u00e9 pr\u00e9d\u00e9fini (TPE \/ PME \/ Grands comptes ; secteur public \/ priv\u00e9). Vous fid\u00e9lisez le portefeuille clients existant (uniquement en B to B), en analysant leurs besoins, et en leur proposant les produits et les services les plus adapt\u00e9s. Vous identifiez et d\u00e9finissez avec vos clients les projets \u00e0 d\u00e9velopper.<\/p>\n<p>&nbsp;<\/p>\n<p>Profil\u00a0:<\/p>\n<p>De formation commerciale sup\u00e9rieure (Bac + 2\/4), vous b\u00e9n\u00e9ficiez d\u2019une premi\u00e8re exp\u00e9rience de la relation clients. Votre aisance dans le contact t\u00e9l\u00e9phonique, ainsi que votre sens aigu du service sont incontournables pour votre r\u00e9ussite.<\/p>\n<p>&nbsp;<\/p>\n<p>Poste en CDI 35 heures.<\/p>\n<p>&nbsp;<\/p>\n<div class=\"wpcf7 no-js\" id=\"wpcf7-f29270-o1\" lang=\"fr-FR\" dir=\"ltr\" data-wpcf7-id=\"29270\">\n<div class=\"screen-reader-response\"><p role=\"status\" aria-live=\"polite\" aria-atomic=\"true\"><\/p> <ul><\/ul><\/div>\n<form action=\"\/index.php\/wp-json\/wp\/v2\/pages\/29287#wpcf7-f29270-o1\" method=\"post\" class=\"wpcf7-form init\" aria-label=\"Formulaire de contact\" enctype=\"multipart\/form-data\" novalidate=\"novalidate\" data-status=\"init\">\n<fieldset class=\"hidden-fields-container\"><input type=\"hidden\" name=\"_wpcf7\" value=\"29270\" \/><input type=\"hidden\" name=\"_wpcf7_version\" value=\"6.1.4\" \/><input type=\"hidden\" name=\"_wpcf7_locale\" value=\"fr_FR\" \/><input type=\"hidden\" name=\"_wpcf7_unit_tag\" value=\"wpcf7-f29270-o1\" \/><input type=\"hidden\" name=\"_wpcf7_container_post\" value=\"0\" \/><input type=\"hidden\" name=\"_wpcf7_posted_data_hash\" value=\"\" \/><input type=\"hidden\" name=\"_wpcf7_recaptcha_response\" value=\"\" \/>\n<\/fieldset>\n<h2>Informations personnelles\n<\/h2>\n<p><span class=\"wpcf7-form-control-wrap\" data-name=\"genre\"><span class=\"wpcf7-form-control wpcf7-radio\"><span class=\"wpcf7-list-item first\"><input type=\"radio\" name=\"genre\" value=\"Mr.\" checked=\"checked\" \/><span class=\"wpcf7-list-item-label\">Mr.<\/span><\/span><span class=\"wpcf7-list-item last\"><input type=\"radio\" name=\"genre\" value=\"Mme.\" \/><span class=\"wpcf7-list-item-label\">Mme.<\/span><\/span><\/span><\/span><br \/>\n<label> Nom*<br \/>\n<span class=\"wpcf7-form-control-wrap\" data-name=\"your-name\"><input size=\"40\" maxlength=\"400\" class=\"wpcf7-form-control wpcf7-text wpcf7-validates-as-required\" aria-required=\"true\" aria-invalid=\"false\" value=\"\" type=\"text\" name=\"your-name\" \/><\/span><\/label>\n<\/p>\n<p><label> Pr\u00e9nom*<br \/>\n<span class=\"wpcf7-form-control-wrap\" data-name=\"your-prename\"><input size=\"40\" maxlength=\"400\" class=\"wpcf7-form-control wpcf7-text wpcf7-validates-as-required\" aria-required=\"true\" aria-invalid=\"false\" value=\"\" type=\"text\" name=\"your-prename\" \/><\/span> <\/label>\n<\/p>\n<p><label> Age*<br \/>\n<span class=\"wpcf7-form-control-wrap\" data-name=\"age\"><input size=\"40\" maxlength=\"400\" class=\"wpcf7-form-control wpcf7-text wpcf7-validates-as-required\" aria-required=\"true\" aria-invalid=\"false\" value=\"\" type=\"text\" name=\"age\" \/><\/span> <\/label>\n<\/p>\n<p><label> Email*<br \/>\n<span class=\"wpcf7-form-control-wrap\" data-name=\"your-email\"><input size=\"40\" maxlength=\"400\" class=\"wpcf7-form-control wpcf7-email wpcf7-validates-as-required wpcf7-text wpcf7-validates-as-email\" aria-required=\"true\" aria-invalid=\"false\" value=\"\" type=\"email\" name=\"your-email\" \/><\/span> <\/label>\n<\/p>\n<p><label> Compte linkedin<br \/>\n<span class=\"wpcf7-form-control-wrap\" data-name=\"linkedin\"><input size=\"40\" maxlength=\"400\" class=\"wpcf7-form-control wpcf7-text wpcf7-validates-as-required\" aria-required=\"true\" aria-invalid=\"false\" value=\"\" type=\"text\" name=\"linkedin\" \/><\/span> <\/label>\n<\/p>\n<p><label> Exp\u00e9rience<br \/>\n<span class=\"wpcf7-form-control-wrap\" data-name=\"exp\"><input size=\"40\" maxlength=\"400\" class=\"wpcf7-form-control wpcf7-text\" aria-invalid=\"false\" value=\"\" type=\"text\" name=\"exp\" \/><\/span> <\/label>\n<\/p>\n<p><label> Attentes<br \/>\n<span class=\"wpcf7-form-control-wrap\" data-name=\"attentes\"><textarea cols=\"40\" rows=\"10\" maxlength=\"2000\" class=\"wpcf7-form-control wpcf7-textarea\" aria-invalid=\"false\" name=\"attentes\"><\/textarea><\/span> <\/label>\n<\/p>\n<p><label> Motivations<br \/>\n<span class=\"wpcf7-form-control-wrap\" data-name=\"motivations\"><textarea cols=\"40\" rows=\"10\" maxlength=\"2000\" class=\"wpcf7-form-control wpcf7-textarea\" aria-invalid=\"false\" name=\"motivations\"><\/textarea><\/span> <\/label>\n<\/p>\n<p><label> Message<br \/>\n<span class=\"wpcf7-form-control-wrap\" data-name=\"your-message\"><textarea cols=\"40\" rows=\"10\" maxlength=\"2000\" class=\"wpcf7-form-control wpcf7-textarea\" aria-invalid=\"false\" name=\"your-message\"><\/textarea><\/span> <\/label>\n<\/p>\n<p><label> CV (Max 5M , pdf|doc|docx)<br \/>\n<span class=\"wpcf7-form-control-wrap\" data-name=\"cv\"><input size=\"40\" class=\"wpcf7-form-control wpcf7-file\" accept=\".pdf,.doc,.docx\" aria-invalid=\"false\" type=\"file\" name=\"cv\" \/><\/span> <\/label>\n<\/p>\n<div id=\"cf7sr-69df86879295c\" class=\"cf7sr-g-recaptcha\" data-theme=\"light\" data-type=\"image\" data-size=\"normal\" data-sitekey=\"6LccWWIpAAAAAJzH2UtzkQc_6ITblRuImgJsRvis\"><\/div><span class=\"wpcf7-form-control-wrap cf7sr-recaptcha\" data-name=\"cf7sr-recaptcha\"><input type=\"hidden\" name=\"cf7sr-recaptcha\" value=\"\" class=\"wpcf7-form-control\"><\/span>\n<\/p>\n<p><input class=\"wpcf7-form-control wpcf7-submit has-spinner\" type=\"submit\" value=\"Envoyer\" \/>\n<\/p><div class=\"wpcf7-response-output\" aria-hidden=\"true\"><\/div>\n<\/form>\n<\/div>\n[\/vc_column_text][\/vc_column][\/vc_row]<\/p>\n","protected":false},"excerpt":{"rendered":"<p>[vc_row css=\u00a0\u00bb.vc_custom_1509351079558{padding-top: 80px !important;padding-bottom: 100px !important;}\u00a0\u00bb el_id=\u00a0\u00bbabout\u00a0\u00bb][vc_column][\/vc_column][\/vc_row][vc_row][vc_column][vc_column_text]Missions\u00a0: Au sein d\u2019une \u00ab Business Unit \u00bb, vous \u00eates l\u2019interlocuteur privil\u00e9gi\u00e9 pour un portefeuille clients dans un p\u00e9rim\u00e8tre de march\u00e9 pr\u00e9d\u00e9fini (TPE \/ PME \/ Grands comptes ; secteur public \/ priv\u00e9). Vous fid\u00e9lisez le portefeuille clients existant (uniquement en B to B), en analysant leurs besoins, et&hellip;<\/p>\n","protected":false},"author":1,"featured_media":569,"parent":0,"menu_order":0,"comment_status":"closed","ping_status":"closed","template":"template-microsite.php","meta":{"_seopress_robots_primary_cat":"","_seopress_titles_title":"","_seopress_titles_desc":"","_seopress_robots_index":""},"class_list":["post-29287","page","type-page","status-publish","has-post-thumbnail","hentry","description-off"],"_links":{"self":[{"href":"https:\/\/www.infracenter.fr\/index.php\/wp-json\/wp\/v2\/pages\/29287","targetHints":{"allow":["GET"]}}],"collection":[{"href":"https:\/\/www.infracenter.fr\/index.php\/wp-json\/wp\/v2\/pages"}],"about":[{"href":"https:\/\/www.infracenter.fr\/index.php\/wp-json\/wp\/v2\/types\/page"}],"author":[{"embeddable":true,"href":"https:\/\/www.infracenter.fr\/index.php\/wp-json\/wp\/v2\/users\/1"}],"replies":[{"embeddable":true,"href":"https:\/\/www.infracenter.fr\/index.php\/wp-json\/wp\/v2\/comments?post=29287"}],"version-history":[{"count":1,"href":"https:\/\/www.infracenter.fr\/index.php\/wp-json\/wp\/v2\/pages\/29287\/revisions"}],"predecessor-version":[{"id":29289,"href":"https:\/\/www.infracenter.fr\/index.php\/wp-json\/wp\/v2\/pages\/29287\/revisions\/29289"}],"wp:featuredmedia":[{"embeddable":true,"href":"https:\/\/www.infracenter.fr\/index.php\/wp-json\/wp\/v2\/media\/569"}],"wp:attachment":[{"href":"https:\/\/www.infracenter.fr\/index.php\/wp-json\/wp\/v2\/media?parent=29287"}],"curies":[{"name":"wp","href":"https:\/\/api.w.org\/{rel}","templated":true}]}}