{"id":29284,"date":"2020-05-02T10:02:31","date_gmt":"2020-05-02T08:02:31","guid":{"rendered":"https:\/\/www.infracenter.fr\/?page_id=29284"},"modified":"2020-05-02T10:02:31","modified_gmt":"2020-05-02T08:02:31","slug":"specialiste-du-service-desk","status":"publish","type":"page","link":"https:\/\/www.infracenter.fr\/index.php\/specialiste-du-service-desk\/","title":{"rendered":"Sp\u00e9cialiste du Service Desk"},"content":{"rendered":"<p>[vc_row css=\u00a0\u00bb.vc_custom_1509351079558{padding-top: 80px !important;padding-bottom: 100px !important;}\u00a0\u00bb el_id=\u00a0\u00bbabout\u00a0\u00bb][vc_column]<div id=\"ultimate-heading-139169e17109bc784\" class=\"uvc-heading ult-adjust-bottom-margin ultimate-heading-139169e17109bc784 uvc-5458 \" data-hspacer=\"line_with_icon\" data-hline_width=\"120\" data-hicon_type=\"selector\" data-hborder_style=\"solid\" data-hborder_height=\"3\" data-hborder_color=\"#f3615a\" data-icon_width=\"18\" data-hfixer=\"10\"  data-halign=\"center\" style=\"text-align:center\"><div class=\"uvc-main-heading ult-responsive\"  data-ultimate-target='.uvc-heading.ultimate-heading-139169e17109bc784 h1'  data-responsive-json-new='{\"font-size\":\"desktop:42px;mobile_landscape:34px;\",\"line-height\":\"desktop:52px;mobile_landscape:44px;\"}' ><h1 style=\"font-weight:bold;\">Sp\u00e9cialiste Servcie Desk<\/h1><\/div><div class=\"uvc-heading-spacer line_with_icon\" style=\"margin-bottom:60px;height:18px;\"><div class=\"ult-just-icon-wrapper  \"><div class=\"align-icon\" style=\"text-align:center;\">\n<div class=\"aio-icon none \"  style=\"color:#f3615a;font-size:18px;display:inline-block;\">\n\t<i class=\"icomoon-font-awesome-14x14-chevron-down\"><\/i>\n<\/div><\/div><\/div><\/div><\/div>[\/vc_column][\/vc_row][vc_row][vc_column][vc_column_text]<\/p>\n<h1><\/h1>\n<h1>Sp\u00e9cialiste du Service Desk\u00a0:<\/h1>\n<h1><\/h1>\n<h3><strong>\u00c0 propos de l&#8217;emploi<\/strong><\/h3>\n<p>Le sp\u00e9cialiste du centre de services est responsable du traitement des appels, du diagnostic et du soutien de premier niveau, du suivi et de la conduite de la progression de l&rsquo;ouverture du dossier \u00e0 sa fermeture.<\/p>\n<p>&nbsp;<\/p>\n<h3><strong>Devoirs et responsabilit\u00e9s<\/strong><\/h3>\n<p>R\u00e9pondez \u00e0 tous les appels entrants (dans les 5 sonneries) ou aux courriels des clients externes \/ internes signalant un probl\u00e8me d&rsquo;assistance ou une demande de service et d\u00e9terminez les besoins de l&rsquo;appelant.<\/p>\n<p>Journalisation des appels dans le syst\u00e8me avec toutes les informations, d\u00e9tails, cat\u00e9gorisations et priorit\u00e9s n\u00e9cessaires.<\/p>\n<p>Assister les clients dans le processus de qualification du premier incident en collectant les journaux n\u00e9cessaires qui seront utilis\u00e9s par l&rsquo;\u00e9quipe technique pour d\u00e9terminer un plan d&rsquo;action.\u00a0L&rsquo;outil de collecte des journaux doit \u00eatre utilis\u00e9 pour faciliter la t\u00e2che.<\/p>\n<p>Responsable de l&rsquo;escalade des cas de mani\u00e8re appropri\u00e9e \u00e0 INFRACENTER L3 \/ Expert \/ Partner pour une analyse et un support suppl\u00e9mentaire.<\/p>\n<p>Communication avec les utilisateurs &#8211; les tenir inform\u00e9s de la progression de l&rsquo;incident, les informer des changements ou retards imminents.<\/p>\n<p>R\u00e9pondez \u00e0 toutes les demandes d&rsquo;action formul\u00e9es par INFRACENTER Service Desk.\u00a0Coordonnez les r\u00e9ponses d&rsquo;urgence et non urgentes aux appels de service et g\u00e9rez ces r\u00e9ponses via l&rsquo;outil de billetterie INFRACENTER.<\/p>\n<p>Contactez les clients pour confirmer les rendez-vous planifi\u00e9s et v\u00e9rifier les commentaires lorsque des pannes sont signal\u00e9es corrig\u00e9es.<\/p>\n<p>Coordonner l&rsquo;exp\u00e9dition des pi\u00e8ces de rechange avec le partenaire local \/ le client \/ le centre logistique INFRACENTER.<\/p>\n<p>Assurer un rapport constant et \u00e0 jour sur l&rsquo;\u00e9tat de tous les appels via les outils appropri\u00e9s en interne et au client.<\/p>\n<p>G\u00e9rez le processus de r\u00e9approvisionnement du stock tampon local avec l&rsquo;\u00e9quipe logistique d\u2019INFRACENTER.<\/p>\n<p>Aider le service client avec une demande accrue en temps opportun.<\/p>\n<p>Enregistrez et retirez d&rsquo;INFRACENTER les pi\u00e8ces d&rsquo;outils sp\u00e9cifiques utilis\u00e9es par les techniciens \/ partenaires locaux.<\/p>\n<p>Suivez tous les travaux en attente et recommand\u00e9s avec le client \u00e0 l&rsquo;aide du tableau de bord des travaux en attente (outil en ligne).<\/p>\n<p>Aider le personnel sur le terrain \u00e0 remplir les rendez-vous pr\u00e9vus dans les d\u00e9lais impartis et s&rsquo;assurer que la direction est tenue inform\u00e9e des probl\u00e8mes potentiels.<\/p>\n<p>Fermeture de tous les incidents et demandes de service r\u00e9solus.<\/p>\n<p>Support interne pour les utilisateurs finaux pour des activit\u00e9s et t\u00e2ches sp\u00e9cifiques (exemple de configuration d&rsquo;un ordinateur portable ou d&rsquo;une imprimante, d\u00e9pannage des probl\u00e8mes de connectivit\u00e9,).<\/p>\n<p>Effectuer des rappels \/ sondages sur la satisfaction des clients \/ utilisateurs comme convenu.<\/p>\n<p>Mettre \u00e0 jour le CMS sous la direction et l&rsquo;approbation du gestionnaire du centre de services et signaler tout enregistrement incorrect aux \u00e9quipes appropri\u00e9es pour correction.<\/p>\n<p>&nbsp;<\/p>\n<h3><strong>Exp\u00e9rience et qualifications<\/strong><\/h3>\n<p>Au moins 2 ann\u00e9es d&rsquo;exp\u00e9rience en service \u00e0 la client\u00e8le requises, consistant en un contact direct quotidien avec les clients dans un poste ax\u00e9 sur les services.<\/p>\n<p>Exp\u00e9rience dans un environnement de centre de services informatiques hautement souhait\u00e9e.<\/p>\n<p>Exp\u00e9rience de support de premier niveau.<\/p>\n<p>Familiarit\u00e9 avec les processus ITIL, avec les outils de gestion des tickets ITSM.<\/p>\n<p>Connaissance de la gestion des connaissances du Service Centr\u00e9.<\/p>\n<p>&nbsp;<\/p>\n<p>Poste en CDI 35 heures.<\/p>\n<p>&nbsp;<\/p>\n<div class=\"wpcf7 no-js\" id=\"wpcf7-f29270-o1\" lang=\"fr-FR\" dir=\"ltr\" data-wpcf7-id=\"29270\">\n<div class=\"screen-reader-response\"><p role=\"status\" aria-live=\"polite\" aria-atomic=\"true\"><\/p> <ul><\/ul><\/div>\n<form action=\"\/index.php\/wp-json\/wp\/v2\/pages\/29284#wpcf7-f29270-o1\" method=\"post\" class=\"wpcf7-form init\" aria-label=\"Formulaire de contact\" enctype=\"multipart\/form-data\" novalidate=\"novalidate\" data-status=\"init\">\n<fieldset class=\"hidden-fields-container\"><input type=\"hidden\" name=\"_wpcf7\" value=\"29270\" \/><input type=\"hidden\" name=\"_wpcf7_version\" value=\"6.1.4\" \/><input type=\"hidden\" name=\"_wpcf7_locale\" value=\"fr_FR\" \/><input type=\"hidden\" name=\"_wpcf7_unit_tag\" value=\"wpcf7-f29270-o1\" \/><input type=\"hidden\" name=\"_wpcf7_container_post\" value=\"0\" \/><input type=\"hidden\" name=\"_wpcf7_posted_data_hash\" value=\"\" \/><input type=\"hidden\" name=\"_wpcf7_recaptcha_response\" value=\"\" \/>\n<\/fieldset>\n<h2>Informations personnelles\n<\/h2>\n<p><span class=\"wpcf7-form-control-wrap\" data-name=\"genre\"><span class=\"wpcf7-form-control wpcf7-radio\"><span class=\"wpcf7-list-item first\"><input type=\"radio\" name=\"genre\" value=\"Mr.\" checked=\"checked\" \/><span class=\"wpcf7-list-item-label\">Mr.<\/span><\/span><span class=\"wpcf7-list-item last\"><input type=\"radio\" name=\"genre\" value=\"Mme.\" \/><span class=\"wpcf7-list-item-label\">Mme.<\/span><\/span><\/span><\/span><br \/>\n<label> Nom*<br \/>\n<span class=\"wpcf7-form-control-wrap\" data-name=\"your-name\"><input size=\"40\" maxlength=\"400\" class=\"wpcf7-form-control wpcf7-text wpcf7-validates-as-required\" aria-required=\"true\" aria-invalid=\"false\" value=\"\" type=\"text\" name=\"your-name\" \/><\/span><\/label>\n<\/p>\n<p><label> Pr\u00e9nom*<br \/>\n<span class=\"wpcf7-form-control-wrap\" data-name=\"your-prename\"><input size=\"40\" maxlength=\"400\" class=\"wpcf7-form-control wpcf7-text wpcf7-validates-as-required\" aria-required=\"true\" aria-invalid=\"false\" value=\"\" type=\"text\" name=\"your-prename\" \/><\/span> <\/label>\n<\/p>\n<p><label> Age*<br \/>\n<span class=\"wpcf7-form-control-wrap\" data-name=\"age\"><input size=\"40\" maxlength=\"400\" class=\"wpcf7-form-control wpcf7-text wpcf7-validates-as-required\" aria-required=\"true\" aria-invalid=\"false\" value=\"\" type=\"text\" name=\"age\" \/><\/span> <\/label>\n<\/p>\n<p><label> Email*<br \/>\n<span class=\"wpcf7-form-control-wrap\" data-name=\"your-email\"><input size=\"40\" maxlength=\"400\" class=\"wpcf7-form-control wpcf7-email wpcf7-validates-as-required wpcf7-text wpcf7-validates-as-email\" aria-required=\"true\" aria-invalid=\"false\" value=\"\" type=\"email\" name=\"your-email\" \/><\/span> <\/label>\n<\/p>\n<p><label> Compte linkedin<br \/>\n<span class=\"wpcf7-form-control-wrap\" data-name=\"linkedin\"><input size=\"40\" maxlength=\"400\" class=\"wpcf7-form-control wpcf7-text wpcf7-validates-as-required\" aria-required=\"true\" aria-invalid=\"false\" value=\"\" type=\"text\" name=\"linkedin\" \/><\/span> <\/label>\n<\/p>\n<p><label> Exp\u00e9rience<br \/>\n<span class=\"wpcf7-form-control-wrap\" data-name=\"exp\"><input size=\"40\" maxlength=\"400\" class=\"wpcf7-form-control wpcf7-text\" aria-invalid=\"false\" value=\"\" type=\"text\" name=\"exp\" \/><\/span> <\/label>\n<\/p>\n<p><label> Attentes<br \/>\n<span class=\"wpcf7-form-control-wrap\" data-name=\"attentes\"><textarea cols=\"40\" rows=\"10\" maxlength=\"2000\" class=\"wpcf7-form-control wpcf7-textarea\" aria-invalid=\"false\" name=\"attentes\"><\/textarea><\/span> <\/label>\n<\/p>\n<p><label> Motivations<br \/>\n<span class=\"wpcf7-form-control-wrap\" data-name=\"motivations\"><textarea cols=\"40\" rows=\"10\" maxlength=\"2000\" class=\"wpcf7-form-control wpcf7-textarea\" aria-invalid=\"false\" name=\"motivations\"><\/textarea><\/span> <\/label>\n<\/p>\n<p><label> Message<br \/>\n<span class=\"wpcf7-form-control-wrap\" data-name=\"your-message\"><textarea cols=\"40\" rows=\"10\" maxlength=\"2000\" class=\"wpcf7-form-control wpcf7-textarea\" aria-invalid=\"false\" name=\"your-message\"><\/textarea><\/span> <\/label>\n<\/p>\n<p><label> CV (Max 5M , pdf|doc|docx)<br \/>\n<span class=\"wpcf7-form-control-wrap\" data-name=\"cv\"><input size=\"40\" class=\"wpcf7-form-control wpcf7-file\" accept=\".pdf,.doc,.docx\" aria-invalid=\"false\" type=\"file\" name=\"cv\" \/><\/span> <\/label>\n<\/p>\n<div id=\"cf7sr-69e17109bd61f\" class=\"cf7sr-g-recaptcha\" data-theme=\"light\" data-type=\"image\" data-size=\"normal\" data-sitekey=\"6LccWWIpAAAAAJzH2UtzkQc_6ITblRuImgJsRvis\"><\/div><span class=\"wpcf7-form-control-wrap cf7sr-recaptcha\" data-name=\"cf7sr-recaptcha\"><input type=\"hidden\" name=\"cf7sr-recaptcha\" value=\"\" class=\"wpcf7-form-control\"><\/span>\n<\/p>\n<p><input class=\"wpcf7-form-control wpcf7-submit has-spinner\" type=\"submit\" value=\"Envoyer\" \/>\n<\/p><div class=\"wpcf7-response-output\" aria-hidden=\"true\"><\/div>\n<\/form>\n<\/div>\n[\/vc_column_text][\/vc_column][\/vc_row]<\/p>\n","protected":false},"excerpt":{"rendered":"<p>[vc_row css=\u00a0\u00bb.vc_custom_1509351079558{padding-top: 80px !important;padding-bottom: 100px !important;}\u00a0\u00bb el_id=\u00a0\u00bbabout\u00a0\u00bb][vc_column][\/vc_column][\/vc_row][vc_row][vc_column][vc_column_text] Sp\u00e9cialiste du Service Desk\u00a0: \u00c0 propos de l&#8217;emploi Le sp\u00e9cialiste du centre de services est responsable du traitement des appels, du diagnostic et du soutien de premier niveau, du suivi et de la conduite de la progression de l&rsquo;ouverture du dossier \u00e0 sa fermeture. &nbsp; Devoirs et responsabilit\u00e9s&hellip;<\/p>\n","protected":false},"author":1,"featured_media":569,"parent":0,"menu_order":0,"comment_status":"closed","ping_status":"closed","template":"template-microsite.php","meta":{"_seopress_robots_primary_cat":"","_seopress_titles_title":"","_seopress_titles_desc":"","_seopress_robots_index":""},"class_list":["post-29284","page","type-page","status-publish","has-post-thumbnail","hentry","description-off"],"_links":{"self":[{"href":"https:\/\/www.infracenter.fr\/index.php\/wp-json\/wp\/v2\/pages\/29284","targetHints":{"allow":["GET"]}}],"collection":[{"href":"https:\/\/www.infracenter.fr\/index.php\/wp-json\/wp\/v2\/pages"}],"about":[{"href":"https:\/\/www.infracenter.fr\/index.php\/wp-json\/wp\/v2\/types\/page"}],"author":[{"embeddable":true,"href":"https:\/\/www.infracenter.fr\/index.php\/wp-json\/wp\/v2\/users\/1"}],"replies":[{"embeddable":true,"href":"https:\/\/www.infracenter.fr\/index.php\/wp-json\/wp\/v2\/comments?post=29284"}],"version-history":[{"count":1,"href":"https:\/\/www.infracenter.fr\/index.php\/wp-json\/wp\/v2\/pages\/29284\/revisions"}],"predecessor-version":[{"id":29285,"href":"https:\/\/www.infracenter.fr\/index.php\/wp-json\/wp\/v2\/pages\/29284\/revisions\/29285"}],"wp:featuredmedia":[{"embeddable":true,"href":"https:\/\/www.infracenter.fr\/index.php\/wp-json\/wp\/v2\/media\/569"}],"wp:attachment":[{"href":"https:\/\/www.infracenter.fr\/index.php\/wp-json\/wp\/v2\/media?parent=29284"}],"curies":[{"name":"wp","href":"https:\/\/api.w.org\/{rel}","templated":true}]}}